{"id":13466,"date":"2023-06-15T13:01:21","date_gmt":"2023-06-15T13:01:21","guid":{"rendered":"https:\/\/www.gofoexpress.fr\/terms-of-use\/"},"modified":"2026-02-05T21:22:02","modified_gmt":"2026-02-05T21:22:02","slug":"terms-of-use","status":"publish","type":"page","link":"https:\/\/www.gofo.com\/it\/terms-of-use\/","title":{"rendered":"Termini di Utilizzo"},"content":{"rendered":"\t\t<div data-elementor-type=\"wp-page\" data-elementor-id=\"13466\" class=\"elementor elementor-13466 elementor-39\" data-elementor-post-type=\"page\">\n\t\t\t\t<div class=\"elementor-element elementor-element-bf9ac42 e-flex e-con-boxed e-con e-parent\" data-id=\"bf9ac42\" data-element_type=\"container\">\n\t\t\t\t\t<div class=\"e-con-inner\">\n\t\t<div class=\"elementor-element elementor-element-ef34dfa e-con-full e-flex e-con e-child\" data-id=\"ef34dfa\" data-element_type=\"container\">\n\t\t\t\t<div class=\"elementor-element elementor-element-25c6c70 elementor-widget elementor-widget-text-editor\" data-id=\"25c6c70\" data-element_type=\"widget\" data-widget_type=\"text-editor.default\">\n\t\t\t\t<div class=\"elementor-widget-container\">\n\t\t\t\t\t\t\t\t\t<p>Termini di <span style=\"color: #fc4c02;\">Utilizzo<\/span><\/p>\t\t\t\t\t\t\t\t<\/div>\n\t\t\t\t<\/div>\n\t\t\t\t<div class=\"elementor-element elementor-element-f715200 elementor-widget elementor-widget-text-editor\" data-id=\"f715200\" data-element_type=\"widget\" data-widget_type=\"text-editor.default\">\n\t\t\t\t<div class=\"elementor-widget-container\">\n\t\t\t\t\t\t\t\t\t<div data-page-id=\"BaV0dArT3oHSxrxhnZics17Jngd\" data-lark-html-role=\"root\" data-docx-has-block-data=\"false\"><div data-page-id=\"BaV0dArT3oHSxrxhnZics17Jngd\" data-lark-html-role=\"root\" data-docx-has-block-data=\"false\"><div class=\"ace-line ace-line old-record-id-E6IAd94RCo0dHAxgrBeccCimnwd\"><div data-page-id=\"BaV0dArT3oHSxrxhnZics17Jngd\" data-lark-html-role=\"root\" data-docx-has-block-data=\"false\"><div class=\"ace-line ace-line old-record-id-E6IAd94RCo0dHAxgrBeccCimnwd\"><div data-page-id=\"MGpOdfrekoUOWuxRXv1cbsRgnNC\" data-lark-html-role=\"root\" data-docx-has-block-data=\"false\"><div class=\"ace-line ace-line old-record-id-OhaXdsVXLoVqpIxYna4cveXinXD\">Data di entrata in vigore: 17 febbraio 2025<\/div><div class=\"ace-line ace-line old-record-id-OhaXdsVXLoVqpIxYna4cveXinXD\">\u00a0<\/div><div class=\"ace-line ace-line old-record-id-BJSedFrt2o3cELxpAGxcWNdqnxf\">Il diritto d\u2019autore di questa pubblicazione appartiene a GOFO Italy (di seguito denominata \u201cGOFO\u201d, \u201cnoi\u201d e \u201cnostro\u201d), con la seguente definizione:<\/div><div class=\"ace-line ace-line old-record-id-QaQedfu71oiXx0xCSGDcJnKJnRg\"><strong>Denominazione aziendale: <\/strong>GOFO ITALIA S.R.L.<\/div><div class=\"ace-line ace-line old-record-id-QaQedfu71oiXx0xCSGDcJnKJnRg\"><strong>Indirizzo registrato: <\/strong>Via del Gregge, 100, 21015 Lonate Pozzolo VA\u00a0<\/div><div class=\"ace-line ace-line old-record-id-QaQedfu71oiXx0xCSGDcJnKJnRg\"><strong> Amministratrice Unica: <\/strong>Jun XU<\/div><div class=\"ace-line ace-line old-record-id-QaQedfu71oiXx0xCSGDcJnKJnRg\"><strong>Numero REA:<\/strong> MI \u2013 2755890\u00a0<\/div><div class=\"ace-line ace-line old-record-id-QaQedfu71oiXx0xCSGDcJnKJnRg\"><strong>Partita IVA:<\/strong> 14005500963\u00a0<\/div><div class=\"ace-line ace-line old-record-id-QaQedfu71oiXx0xCSGDcJnKJnRg\"><strong>Risoluzione delle controversie:<\/strong> La Commissione Europea offre una piattaforma per la risoluzione delle controversie online (ODR): https:\/\/ec.europa.eu\/consumers\/odr<\/div><div class=\"ace-line ace-line old-record-id-QaQedfu71oiXx0xCSGDcJnKJnRg\">\u00a0<\/div><\/div><div><div data-page-id=\"MGpOdfrekoUOWuxRXv1cbsRgnNC\" data-lark-html-role=\"root\" data-docx-has-block-data=\"false\"><div class=\"ace-line ace-line old-record-id-Rke6dITe3o5h1WxcdoMcNaIXn1e\">I presenti <strong>Termini di utilizzo<\/strong> (di seguito denominati \u201cil Contratto\u201d) regolano l\u2019uso del Sito Web di GOFO. Il presente Contratto costituisce un accordo tra voi (\u201cUtente\u201d) e GOFO Italy e deve essere letto insieme alla nostra <strong>Informativa sulla Privacy<\/strong>.<\/div><div class=\"ace-line ace-line old-record-id-IofLdYMzjoHDmLxd4zqcKv5zngT\">Cliccando su <strong>\u201cAccedi\u201d<\/strong>, <strong>\u201cInvia\u201d<\/strong>, <strong>\u201cConferma\u201d<\/strong> o <strong>\u201cRegistrati\u201d<\/strong> sul Sito, si ritiene che abbiate letto, compreso e accettato integralmente il presente Contratto. Se non accettate il presente Contratto o qualsiasi sua clausola, vi invitiamo a interrompere l\u2019uso del servizio.<\/div><\/div><\/div><\/div><\/div><\/div><\/div><\/div>\t\t\t\t\t\t\t\t<\/div>\n\t\t\t\t<\/div>\n\t\t\t\t<div class=\"elementor-element elementor-element-50e9d77 elementor-widget elementor-widget-heading\" data-id=\"50e9d77\" data-element_type=\"widget\" data-widget_type=\"heading.default\">\n\t\t\t\t<div class=\"elementor-widget-container\">\n\t\t\t\t\t<h2 class=\"elementor-heading-title elementor-size-default\">1. Ambito di applicazione del presente Accordo<\/h2>\t\t\t\t<\/div>\n\t\t\t\t<\/div>\n\t\t\t\t<div class=\"elementor-element elementor-element-5934fff elementor-widget elementor-widget-text-editor\" data-id=\"5934fff\" data-element_type=\"widget\" data-widget_type=\"text-editor.default\">\n\t\t\t\t<div class=\"elementor-widget-container\">\n\t\t\t\t\t\t\t\t\t<div data-page-id=\"BaV0dArT3oHSxrxhnZics17Jngd\" data-lark-html-role=\"root\" data-docx-has-block-data=\"false\"><div class=\"ace-line ace-line old-record-id-I3NLdCi2Mo7NfCxBcX9cPE04nIb\"><div data-page-id=\"MGpOdfrekoUOWuxRXv1cbsRgnNC\" data-lark-html-role=\"root\" data-docx-has-block-data=\"false\"><div class=\"ace-line ace-line old-record-id-Tgo1dBEeio1KANxuZ4ZcBOgendh\"><strong>1.1<\/strong> Il presente Accordo \u00e8 un contratto tra voi e GOFO.<\/div><div class=\"ace-line ace-line old-record-id-U95RdS42foDikQxMwV5ccNUtnKf\"><strong>1.2<\/strong> GOFO ha filiali e\/o entit\u00e0 giuridiche affiliate. Queste filiali e\/o entit\u00e0 giuridiche correlate possono fornire servizi per vostro conto a nome di GOFO. Voi comprendete e accettate che tali filiali e\/o entit\u00e0 giuridiche correlate abbiano il diritto di fornire servizi a voi.<\/div><div class=\"ace-line ace-line old-record-id-CqNJd9WLioDVNKxTCCNc2PghniU\"><strong>1.3<\/strong> Il presente Accordo si applica al vostro utilizzo del Sito. I servizi forniti da GOFO e dalle sue filiali e\/o entit\u00e0 giuridiche correlate sono soggetti agli accordi separati firmati tra voi e GOFO o le sue filiali e\/o entit\u00e0 giuridiche correlate.<\/div><div class=\"ace-line ace-line old-record-id-ZOctdmRsOopJCAxfXJLcHrXCnUb\">1.4 GOFO si riserva il diritto di modificare o adattare periodicamente il presente Accordo. Ad esempio, GOFO potr\u00e0 modificare il presente Accordo a seguito di cambiamenti normativi o modifiche ai servizi. Quando GOFO apporter\u00e0 modifiche o adattamenti al presente Accordo, verr\u00e0 pubblicato un annuncio sul Sito. \u00c8 necessario consultare regolarmente il Sito per verificare eventuali revisioni dell\u2019Accordo. Se continuate a utilizzare il Sito dopo la modifica\/adattamento, si riterr\u00e0 che abbiate letto, compreso e accettato pienamente le modifiche\/adattamenti dell\u2019Accordo; in caso di disaccordo, dovrete interrompere l\u2019uso del Sito.<\/div><\/div><\/div><\/div>\t\t\t\t\t\t\t\t<\/div>\n\t\t\t\t<\/div>\n\t\t\t\t<div class=\"elementor-element elementor-element-05ee8e1 elementor-widget elementor-widget-heading\" data-id=\"05ee8e1\" data-element_type=\"widget\" data-widget_type=\"heading.default\">\n\t\t\t\t<div class=\"elementor-widget-container\">\n\t\t\t\t\t<h2 class=\"elementor-heading-title elementor-size-default\">2. Utente<\/h2>\t\t\t\t<\/div>\n\t\t\t\t<\/div>\n\t\t\t\t<div class=\"elementor-element elementor-element-cba4152 elementor-widget elementor-widget-text-editor\" data-id=\"cba4152\" data-element_type=\"widget\" data-widget_type=\"text-editor.default\">\n\t\t\t\t<div class=\"elementor-widget-container\">\n\t\t\t\t\t\t\t\t\t<div data-page-id=\"BaV0dArT3oHSxrxhnZics17Jngd\" data-lark-html-role=\"root\" data-docx-has-block-data=\"false\"><div class=\"ace-line ace-line old-record-id-HJpRd7iUGo2gk9x8hOKcrW9Dnbf\"><div data-page-id=\"MGpOdfrekoUOWuxRXv1cbsRgnNC\" data-lark-html-role=\"root\" data-docx-has-block-data=\"false\"><div class=\"ace-line ace-line old-record-id-N7pPdj97eoozIuxvQptcl1rJnbh\"><strong>2.1 <\/strong>Se siete una persona fisica, confermate di avere la capacit\u00e0 legale di agire prima di registrare un account GOFO. In caso contrario, interrompete la registrazione o smettete di utilizzare il Sito, altrimenti voi e il vostro tutore sarete responsabili di tutte le conseguenze derivanti.<\/div><div class=\"ace-line ace-line old-record-id-QBt1dOiNOoQAsgxrrEHcPapbnhd\"><strong>2.2 <\/strong>Se siete una persona giuridica, confermate di essere stati legalmente costituiti in conformit\u00e0 con le leggi e i regolamenti applicabili prima della registrazione e di possedere le qualifiche adeguate per svolgere attivit\u00e0 commerciali. Confermate di stipulare il presente Accordo senza violare le leggi e i regolamenti applicabili. In caso contrario, dovrete interrompere la registrazione o l\u2019utilizzo dei servizi GOFO, altrimenti sarete responsabili di tutte le conseguenze derivanti.<\/div><\/div><\/div><\/div>\t\t\t\t\t\t\t\t<\/div>\n\t\t\t\t<\/div>\n\t\t\t\t<div class=\"elementor-element elementor-element-cc6e5e0 elementor-widget elementor-widget-heading\" data-id=\"cc6e5e0\" data-element_type=\"widget\" data-widget_type=\"heading.default\">\n\t\t\t\t<div class=\"elementor-widget-container\">\n\t\t\t\t\t<h2 class=\"elementor-heading-title elementor-size-default\">3. Account e password<\/h2>\t\t\t\t<\/div>\n\t\t\t\t<\/div>\n\t\t\t\t<div class=\"elementor-element elementor-element-4981949 elementor-widget elementor-widget-text-editor\" data-id=\"4981949\" data-element_type=\"widget\" data-widget_type=\"text-editor.default\">\n\t\t\t\t<div class=\"elementor-widget-container\">\n\t\t\t\t\t\t\t\t\t<div data-page-id=\"BaV0dArT3oHSxrxhnZics17Jngd\" data-lark-html-role=\"root\" data-docx-has-block-data=\"false\"><div class=\"ace-line ace-line old-record-id-SB7Ydc8jWoKroXxd09rc8YfKnGh\"><div data-page-id=\"MGpOdfrekoUOWuxRXv1cbsRgnNC\" data-lark-html-role=\"root\" data-docx-has-block-data=\"false\"><div class=\"ace-line ace-line old-record-id-ZQfKdp1MgoSBAhxD6PlcIVK0nye\"><strong>3.1 <\/strong>Per accedere al Sito e utilizzare i servizi, \u00e8 necessario registrare un account. Accettate di fornire a GOFO informazioni complete, corrette e accurate (incluso il vostro nome\/ragione sociale\/licenza commerciale, indirizzo e-mail, numero di telefono, paese, ecc.) e di mantenerne l\u2019accuratezza. Siete gli unici responsabili per eventuali danni o conseguenze derivanti da informazioni errate o incomplete.<\/div><div class=\"ace-line ace-line old-record-id-Nw3xdkQvfoNDzQxDhWpcAacfnAg\"><strong>3.2 <\/strong>Quando impostate un nome utente per il vostro account, dovete assicurarvi che non violi leggi e regolamenti applicabili, altrimenti GOFO ha il diritto di annullare il vostro account. Dopo la registrazione, se viene accertato che avete fornito informazioni false o immorali o illegali, GOFO ha il diritto di chiedervi di correggerle, sospendere l\u2019uso dell\u2019account o annullarlo.<\/div><div class=\"ace-line ace-line old-record-id-At9WdWhBtojTspx9zdPcIsTpnkf\"><strong>3.3 <\/strong>Di norma, GOFO consente a ciascun utente di avere un solo account GOFO. Se ci sono prove o motivi per ritenere che un utente abbia registrato o utilizzi pi\u00f9 account in modo improprio, GOFO ha il diritto di annullare tali account, rifiutare la fornitura di servizi e risolvere il presente Accordo. Se l\u2019utente causa danni a GOFO o alle sue affiliate, sar\u00e0 ritenuto responsabile.<\/div><\/div><\/div><\/div>\t\t\t\t\t\t\t\t<\/div>\n\t\t\t\t<\/div>\n\t\t\t\t<div class=\"elementor-element elementor-element-7f635bf elementor-widget elementor-widget-heading\" data-id=\"7f635bf\" data-element_type=\"widget\" data-widget_type=\"heading.default\">\n\t\t\t\t<div class=\"elementor-widget-container\">\n\t\t\t\t\t<h2 class=\"elementor-heading-title elementor-size-default\">4. Gestione dell\u2019account<\/h2>\t\t\t\t<\/div>\n\t\t\t\t<\/div>\n\t\t\t\t<div class=\"elementor-element elementor-element-998b315 elementor-widget elementor-widget-text-editor\" data-id=\"998b315\" data-element_type=\"widget\" data-widget_type=\"text-editor.default\">\n\t\t\t\t<div class=\"elementor-widget-container\">\n\t\t\t\t\t\t\t\t\t<div data-page-id=\"BaV0dArT3oHSxrxhnZics17Jngd\" data-lark-html-role=\"root\" data-docx-has-block-data=\"false\"><div class=\"ace-line ace-line old-record-id-J5MbdFT9CoaBxixeyx6cOB5xnsV\"><div data-page-id=\"MGpOdfrekoUOWuxRXv1cbsRgnNC\" data-lark-html-role=\"root\" data-docx-has-block-data=\"false\"><div class=\"ace-line ace-line old-record-id-SSZUd5LUSoJvEoxfxMWcihm1n1e\"><strong>4.1 <\/strong>Se avete gi\u00e0 registrato un account GOFO, potete accedere con il vostro nome utente e password. Il vostro account GOFO \u00e8 solo per uso personale. Se autorizzate terzi a utilizzarlo, siete completamente responsabili di tutte le azioni intraprese da chi utilizza il vostro account. Se GOFO ritiene che l\u2019utilizzo del vostro account possa compromettere la sicurezza delle informazioni, ha il diritto di rifiutare i servizi o risolvere il presente Accordo.<\/div><div class=\"ace-line ace-line old-record-id-LkjCdXo5zoxRpTxg6BPcl89dnXg\"><strong>4.2 <\/strong>GOFO non vi chieder\u00e0 mai di fornire la vostra password. Vi consigliamo di proteggere il vostro account e la vostra password. Siete gli unici responsabili per eventuali perdite o conseguenze derivanti dalla divulgazione dell\u2019account a terzi.<\/div><\/div><\/div><\/div>\t\t\t\t\t\t\t\t<\/div>\n\t\t\t\t<\/div>\n\t\t\t\t<div class=\"elementor-element elementor-element-539ab76 elementor-widget elementor-widget-heading\" data-id=\"539ab76\" data-element_type=\"widget\" data-widget_type=\"heading.default\">\n\t\t\t\t<div class=\"elementor-widget-container\">\n\t\t\t\t\t<h2 class=\"elementor-heading-title elementor-size-default\">5. Servizi<\/h2>\t\t\t\t<\/div>\n\t\t\t\t<\/div>\n\t\t\t\t<div class=\"elementor-element elementor-element-c9cdb40 elementor-widget elementor-widget-text-editor\" data-id=\"c9cdb40\" data-element_type=\"widget\" data-widget_type=\"text-editor.default\">\n\t\t\t\t<div class=\"elementor-widget-container\">\n\t\t\t\t\t\t\t\t\t<div data-page-id=\"BaV0dArT3oHSxrxhnZics17Jngd\" data-lark-html-role=\"root\" data-docx-has-block-data=\"false\"><div class=\"ace-line ace-line old-record-id-IvqndEGAwoadH9xfeAKcCzVonFh\"><div data-page-id=\"MGpOdfrekoUOWuxRXv1cbsRgnNC\" data-lark-html-role=\"root\" data-docx-has-block-data=\"false\"><div class=\"ace-line ace-line old-record-id-ByHPdWJAnoFF69x9KqQc3zGSnYA\"><strong>5.1 <\/strong>GOFO vi fornisce una piattaforma online per accedere ai servizi. Dopo la registrazione, non siete obbligati a utilizzare tutti i servizi disponibili sul Sito. I servizi specifici sono soggetti agli accordi firmati tra voi e GOFO.<\/div><div class=\"ace-line ace-line old-record-id-AzhHdfLA0oPIksxa2A0cVv1Antb\"><strong>5.2 <\/strong>I servizi e le informazioni sul Sito sono forniti \u201ccos\u00ec come sono\u201d. GOFO declina ogni garanzia, espressa o implicita, nella misura consentita dalla legge. GOFO non garantisce l\u2019accuratezza, la completezza, la sicurezza o la tempestivit\u00e0 dei servizi e delle informazioni fornite.<\/div><div class=\"ace-line ace-line old-record-id-ZeY6d7AL5oabXxxC9tWcVSyfnNf\"><strong>5.3 <\/strong>GOFO non sar\u00e0 responsabile per eventuali danni causati da guasti della rete, calamit\u00e0 naturali, scioperi, guasti informatici o altri fattori al di fuori del suo controllo.<\/div><\/div><\/div><\/div>\t\t\t\t\t\t\t\t<\/div>\n\t\t\t\t<\/div>\n\t\t\t\t<div class=\"elementor-element elementor-element-af309c6 elementor-widget elementor-widget-heading\" data-id=\"af309c6\" data-element_type=\"widget\" data-widget_type=\"heading.default\">\n\t\t\t\t<div class=\"elementor-widget-container\">\n\t\t\t\t\t<h2 class=\"elementor-heading-title elementor-size-default\">6.Propriet\u00e0 intellettuale<\/h2>\t\t\t\t<\/div>\n\t\t\t\t<\/div>\n\t\t\t\t<div class=\"elementor-element elementor-element-a273038 elementor-widget elementor-widget-text-editor\" data-id=\"a273038\" data-element_type=\"widget\" data-widget_type=\"text-editor.default\">\n\t\t\t\t<div class=\"elementor-widget-container\">\n\t\t\t\t\t\t\t\t\t<div data-page-id=\"BaV0dArT3oHSxrxhnZics17Jngd\" data-lark-html-role=\"root\" data-docx-has-block-data=\"false\"><div class=\"ace-line ace-line old-record-id-E0JudykvwoUZ97x29ANcfQ0on9d\"><div data-page-id=\"MGpOdfrekoUOWuxRXv1cbsRgnNC\" data-lark-html-role=\"root\" data-docx-has-block-data=\"false\"><div class=\"ace-line ace-line old-record-id-LGYhdO94NoeayhxX16gc2y6wnNf\">Se non diversamente dichiarato per iscritto da GOFO, tutti i diritti relativi a prodotti, tecnologie, software, programmi, dati, testi, immagini, foto, audio, video, grafiche e altri contenuti visualizzati sul Sito appartengono esclusivamente a GOFO. Senza il consenso scritto di GOFO, \u00e8 vietato copiare, distribuire, mostrare, scaricare o utilizzare il contenuto del Sito in qualsiasi forma.<\/div><\/div><\/div><\/div>\t\t\t\t\t\t\t\t<\/div>\n\t\t\t\t<\/div>\n\t\t\t\t<div class=\"elementor-element elementor-element-8759e91 elementor-widget elementor-widget-heading\" data-id=\"8759e91\" data-element_type=\"widget\" data-widget_type=\"heading.default\">\n\t\t\t\t<div class=\"elementor-widget-container\">\n\t\t\t\t\t<h2 class=\"elementor-heading-title elementor-size-default\">7. IRisoluzione dell\u2019accordo<\/h2>\t\t\t\t<\/div>\n\t\t\t\t<\/div>\n\t\t\t\t<div class=\"elementor-element elementor-element-f731e7a elementor-widget elementor-widget-text-editor\" data-id=\"f731e7a\" data-element_type=\"widget\" data-widget_type=\"text-editor.default\">\n\t\t\t\t<div class=\"elementor-widget-container\">\n\t\t\t\t\t\t\t\t\t<div data-page-id=\"BaV0dArT3oHSxrxhnZics17Jngd\" data-lark-html-role=\"root\" data-docx-has-block-data=\"false\"><div class=\"ace-line ace-line old-record-id-OxiTd5AYton4pcxgdiacRPl0nJh\"><div data-page-id=\"MGpOdfrekoUOWuxRXv1cbsRgnNC\" data-lark-html-role=\"root\" data-docx-has-block-data=\"false\"><div class=\"ace-line ace-line old-record-id-K8LxdXlX2oSuGwxAoOtc9l5vnbe\"><strong>7.1 <\/strong>Avete il diritto di risolvere il presente Accordo nei seguenti casi:<\/div><ol class=\"list-number1\" start=\"1\"><li class=\"ace-line ace-line old-record-id-UHRYdy6uboUFqcxJ0pNcLqB7nsg\" data-list=\"number\"><div>Interrompendo l\u2019uso del Sito.<\/div><\/li><li class=\"ace-line ace-line old-record-id-KAhXdyWshoAv3ZxDYfMcnGm7nMf\" data-list=\"number\"><div>Se GOFO modifica l\u2019Accordo e voi non accettate le modifiche.<\/div><\/li><li class=\"ace-line ace-line old-record-id-G7yndY1htonaMjxH99vc6EIon5f\" data-list=\"number\"><div>Se comunicate chiaramente a GOFO la vostra intenzione di interrompere l\u2019uso del Sito.<\/div><\/li><\/ol><div class=\"ace-line ace-line old-record-id-S5gsdCQuAoI1rUx7o05cwCzEnQg\"><strong>7.2 <\/strong>GOFO ha il diritto di terminare il presente Accordo nei seguenti casi:<\/div><ol class=\"list-number1\" start=\"1\"><li class=\"ace-line ace-line old-record-id-PnB4dqlFZoPbUBxcWnZcX1PbnVf\" data-list=\"number\"><div>Violazione delle leggi o delle condizioni del presente Accordo.<\/div><\/li><li class=\"ace-line ace-line old-record-id-IFTjduAzpon6GXxDioicK5UpnUf\" data-list=\"number\"><div>Uso improprio dei servizi o attivit\u00e0 fraudolente.<\/div><\/li><li class=\"ace-line ace-line old-record-id-RTn4dqDg1o44inxa6ptca76lnfh\" data-list=\"number\"><div>Chiusura dell\u2019account secondo le disposizioni dell\u2019Accordo.<\/div><\/li><\/ol><div class=\"ace-line ace-line old-record-id-JHk8dMAKaoxyr0xoYEfcSIp3nXe\">La risoluzione dell\u2019Accordo non influisce sulla validit\u00e0 di ordini o servizi gi\u00e0 avviati.<\/div><\/div><\/div><\/div>\t\t\t\t\t\t\t\t<\/div>\n\t\t\t\t<\/div>\n\t\t\t\t<div class=\"elementor-element elementor-element-95ff0bc elementor-widget elementor-widget-heading\" data-id=\"95ff0bc\" data-element_type=\"widget\" data-widget_type=\"heading.default\">\n\t\t\t\t<div class=\"elementor-widget-container\">\n\t\t\t\t\t<h2 class=\"elementor-heading-title elementor-size-default\">8. Comunicazioni<\/h2>\t\t\t\t<\/div>\n\t\t\t\t<\/div>\n\t\t\t\t<div class=\"elementor-element elementor-element-967d15e elementor-widget elementor-widget-text-editor\" data-id=\"967d15e\" data-element_type=\"widget\" data-widget_type=\"text-editor.default\">\n\t\t\t\t<div class=\"elementor-widget-container\">\n\t\t\t\t\t\t\t\t\t<div data-page-id=\"BaV0dArT3oHSxrxhnZics17Jngd\" data-lark-html-role=\"root\" data-docx-has-block-data=\"false\"><div class=\"ace-line ace-line old-record-id-SUbLd5PYooQlmjxIwxBcpWI0nnJ\"><div data-page-id=\"MGpOdfrekoUOWuxRXv1cbsRgnNC\" data-lark-html-role=\"root\" data-docx-has-block-data=\"false\"><div class=\"ace-line ace-line old-record-id-TVvTdT8XpoC4mYxTaBnc7X4Pnkg\"><strong>8.1 <\/strong>GOFO vi informer\u00e0 tramite messaggi sul Sito o utilizzando i vostri recapiti forniti (e-mail, telefono, indirizzo, ecc.). Queste notifiche potrebbero influenzare i vostri diritti e doveri, quindi prestate attenzione.<\/div><div class=\"ace-line ace-line old-record-id-IIoFdjVWcoOqEZxgKDxc9ex9nVd\"><strong>8.2 <\/strong>Accettate che documenti legali possano essere inviati ai recapiti forniti. Se le informazioni non sono aggiornate e la notifica non viene ricevuta, ne assumete la responsabilit\u00e0.<\/div><\/div><\/div><\/div>\t\t\t\t\t\t\t\t<\/div>\n\t\t\t\t<\/div>\n\t\t\t\t<div class=\"elementor-element elementor-element-be1bf97 elementor-widget elementor-widget-heading\" data-id=\"be1bf97\" data-element_type=\"widget\" data-widget_type=\"heading.default\">\n\t\t\t\t<div class=\"elementor-widget-container\">\n\t\t\t\t\t<h2 class=\"elementor-heading-title elementor-size-default\">9. Notifiche<\/h2>\t\t\t\t<\/div>\n\t\t\t\t<\/div>\n\t\t\t\t<div class=\"elementor-element elementor-element-119c0a7 elementor-widget elementor-widget-text-editor\" data-id=\"119c0a7\" data-element_type=\"widget\" data-widget_type=\"text-editor.default\">\n\t\t\t\t<div class=\"elementor-widget-container\">\n\t\t\t\t\t\t\t\t\t<div data-page-id=\"BaV0dArT3oHSxrxhnZics17Jngd\" data-lark-html-role=\"root\" data-docx-has-block-data=\"false\"><div class=\"ace-line ace-line old-record-id-Lyh7d5GPoofPYvxZSohcEeRZnFg\"><div data-page-id=\"MGpOdfrekoUOWuxRXv1cbsRgnNC\" data-lark-html-role=\"root\" data-docx-has-block-data=\"false\"><div class=\"ace-line ace-line old-record-id-ZwxSdDQTEo0H8IxSoLZcUCqYnme\"><strong>9.1 <\/strong>GOFO vi informer\u00e0 tramite un messaggio sul sito web o utilizzando i dati di contatto che avete fornito (inclusi il vostro indirizzo e-mail, numero di telefono, indirizzo di contatto, ecc.). Tali notifiche possono avere un impatto significativo sui vostri diritti e doveri, quindi prestatevi attenzione in modo tempestivo. Se i vostri dati di contatto cambiano, siete tenuti ad aggiornarli tempestivamente. Le notifiche elettroniche, inclusi l\u2019invio di SMS, e-mail e messaggi sul sito web, si considerano ricevute al momento della consegna con successo; una notifica scritta si considera ricevuta il quinto giorno naturale dopo essere stata inviata per posta all\u2019indirizzo da voi fornito.<\/div><div class=\"ace-line ace-line old-record-id-IkXrd1TtOoyqvKxDrUIcTYSrngE\"><strong>9.2 <\/strong>Per le controversie derivanti dal presente Accordo, accettate che le istituzioni giudiziarie (inclusi, ma non limitati a, tribunali e istituzioni arbitrali) possano inviarvi documenti legali tramite il numero di telefono, l\u2019indirizzo e-mail e altre informazioni da voi fornite. La data in cui l\u2019autorit\u00e0 giudiziaria invia i documenti legali ai suddetti contatti sar\u00e0 considerata come la data di notifica.<\/div><div class=\"ace-line ace-line old-record-id-ILpwdT1bZoR5jyxf5lIcMcxWn1f\"><strong>9.3 <\/strong>Dovete assicurarvi che i dati di contatto forniti siano accurati ed efficaci e che siano aggiornati in tempo reale. Se i dati di contatto forniti sono errati o se i dati modificati non vengono aggiornati tempestivamente, impedendo la consegna della notifica o causando un ritardo nella sua ricezione, sarete responsabili delle conseguenze legali che ne derivano.<\/div><\/div><\/div><\/div>\t\t\t\t\t\t\t\t<\/div>\n\t\t\t\t<\/div>\n\t\t\t\t<\/div>\n\t\t\t\t\t<\/div>\n\t\t\t\t<\/div>\n\t\t\t\t<\/div>\n\t\t","protected":false},"excerpt":{"rendered":"<p>Termini di Utilizzo Data di entrata in vigore: 17 febbraio 2025\u00a0Il diritto d\u2019autore di questa pubblicazione appartiene a GOFO Italy (di seguito denominata \u201cGOFO\u201d, \u201cnoi\u201d e \u201cnostro\u201d), con la seguente definizione:Denominazione aziendale: GOFO ITALIA S.R.L.Indirizzo registrato: Via del Gregge, 100, 21015 Lonate Pozzolo VA\u00a0 Amministratrice Unica: Jun XUNumero REA: MI \u2013 2755890\u00a0Partita IVA: 14005500963\u00a0Risoluzione delle [&hellip;]<\/p>\n","protected":false},"author":1,"featured_media":0,"parent":0,"menu_order":0,"comment_status":"closed","ping_status":"closed","template":"","meta":{"_acf_changed":false,"content-type":"","footnotes":""},"class_list":["post-13466","page","type-page","status-publish","hentry"],"acf":[],"_links":{"self":[{"href":"https:\/\/www.gofo.com\/it\/wp-json\/wp\/v2\/pages\/13466","targetHints":{"allow":["GET"]}}],"collection":[{"href":"https:\/\/www.gofo.com\/it\/wp-json\/wp\/v2\/pages"}],"about":[{"href":"https:\/\/www.gofo.com\/it\/wp-json\/wp\/v2\/types\/page"}],"author":[{"embeddable":true,"href":"https:\/\/www.gofo.com\/it\/wp-json\/wp\/v2\/users\/1"}],"replies":[{"embeddable":true,"href":"https:\/\/www.gofo.com\/it\/wp-json\/wp\/v2\/comments?post=13466"}],"version-history":[{"count":19,"href":"https:\/\/www.gofo.com\/it\/wp-json\/wp\/v2\/pages\/13466\/revisions"}],"predecessor-version":[{"id":16818,"href":"https:\/\/www.gofo.com\/it\/wp-json\/wp\/v2\/pages\/13466\/revisions\/16818"}],"wp:attachment":[{"href":"https:\/\/www.gofo.com\/it\/wp-json\/wp\/v2\/media?parent=13466"}],"curies":[{"name":"wp","href":"https:\/\/api.w.org\/{rel}","templated":true}]}}