{"id":16892,"date":"2026-01-08T17:00:57","date_gmt":"2026-01-08T17:00:57","guid":{"rendered":"https:\/\/www.gofo.com\/fr\/informations-legales\/"},"modified":"2026-01-22T23:49:11","modified_gmt":"2026-01-22T23:49:11","slug":"informations-legales","status":"publish","type":"page","link":"https:\/\/www.gofo.com\/fr\/informations-legales\/","title":{"rendered":"Informations L\u00e9gales"},"content":{"rendered":"\t\t<div data-elementor-type=\"wp-page\" data-elementor-id=\"16892\" class=\"elementor elementor-16892 elementor-16886\" data-elementor-post-type=\"page\">\n\t\t\t\t<div class=\"elementor-element elementor-element-2ccc696 e-flex e-con-boxed e-con e-parent\" data-id=\"2ccc696\" data-element_type=\"container\" data-e-type=\"container\" data-settings=\"{&quot;background_background&quot;:&quot;classic&quot;}\">\n\t\t\t\t\t<div class=\"e-con-inner\">\n\t\t\t\t<div class=\"elementor-element elementor-element-d37ccf9 elementor-widget elementor-widget-heading\" data-id=\"d37ccf9\" data-element_type=\"widget\" data-e-type=\"widget\" data-widget_type=\"heading.default\">\n\t\t\t\t\t<h1 class=\"elementor-heading-title elementor-size-default\">Informations L\u00e9gales<\/h1>\t\t\t\t<\/div>\n\t\t\t\t<div class=\"elementor-element elementor-element-8519f71 elementor-widget elementor-widget-text-editor\" data-id=\"8519f71\" data-element_type=\"widget\" data-e-type=\"widget\" data-widget_type=\"text-editor.default\">\n\t\t\t\t\t\t\t\t\t<p><strong>GOFO FRANCE <\/strong>Soci\u00e9t\u00e9 par actions simplifi\u00e9e au capital social de 3 000 000 euros,<br data-start=\"1230\" data-end=\"1233\">immatricul\u00e9e au Registre du commerce et des soci\u00e9t\u00e9s (RCS) de Pontoise sous le num\u00e9ro 978 559 839.<\/p>\t\t\t\t\t\t\t\t<\/div>\n\t\t\t\t<div class=\"elementor-element elementor-element-9690517 elementor-widget elementor-widget-heading\" data-id=\"9690517\" data-element_type=\"widget\" data-e-type=\"widget\" data-widget_type=\"heading.default\">\n\t\t\t\t\t<h2 class=\"elementor-heading-title elementor-size-default\">Si\u00e8ge social<\/h2>\t\t\t\t<\/div>\n\t\t\t\t<div class=\"elementor-element elementor-element-11f0b9e elementor-widget elementor-widget-text-editor\" data-id=\"11f0b9e\" data-element_type=\"widget\" data-e-type=\"widget\" data-widget_type=\"text-editor.default\">\n\t\t\t\t\t\t\t\t\t<p>10 Rue Eug\u00e8ne Pottier<br data-start=\"1380\" data-end=\"1383\">95670 Marly-la-Ville<br data-start=\"1403\" data-end=\"1406\">France<\/p>\t\t\t\t\t\t\t\t<\/div>\n\t\t\t\t<div class=\"elementor-element elementor-element-db88335 elementor-widget elementor-widget-heading\" data-id=\"db88335\" data-element_type=\"widget\" data-e-type=\"widget\" data-widget_type=\"heading.default\">\n\t\t\t\t\t<h2 class=\"elementor-heading-title elementor-size-default\">T\u00e9l\u00e9phone<\/h2>\t\t\t\t<\/div>\n\t\t\t\t<div class=\"elementor-element elementor-element-610a07a elementor-widget elementor-widget-text-editor\" data-id=\"610a07a\" data-element_type=\"widget\" data-e-type=\"widget\" data-widget_type=\"text-editor.default\">\n\t\t\t\t\t\t\t\t\t<p>+33 9 70 70 90 65<\/p>\t\t\t\t\t\t\t\t<\/div>\n\t\t\t\t<div class=\"elementor-element elementor-element-38071f0 elementor-widget elementor-widget-heading\" data-id=\"38071f0\" data-element_type=\"widget\" data-e-type=\"widget\" data-widget_type=\"heading.default\">\n\t\t\t\t\t<h2 class=\"elementor-heading-title elementor-size-default\">Num\u00e9ro de TVA<\/h2>\t\t\t\t<\/div>\n\t\t\t\t<div class=\"elementor-element elementor-element-63b9695 elementor-widget elementor-widget-text-editor\" data-id=\"63b9695\" data-element_type=\"widget\" data-e-type=\"widget\" data-widget_type=\"text-editor.default\">\n\t\t\t\t\t\t\t\t\t<p>FR40978559839<\/p>\t\t\t\t\t\t\t\t<\/div>\n\t\t\t\t<div class=\"elementor-element elementor-element-29e17c9 elementor-widget elementor-widget-heading\" data-id=\"29e17c9\" data-element_type=\"widget\" data-e-type=\"widget\" data-widget_type=\"heading.default\">\n\t\t\t\t\t<h2 class=\"elementor-heading-title elementor-size-default\">Directeur de la publication<\/h2>\t\t\t\t<\/div>\n\t\t\t\t<div class=\"elementor-element elementor-element-4c7bb50 elementor-widget elementor-widget-text-editor\" data-id=\"4c7bb50\" data-element_type=\"widget\" data-e-type=\"widget\" data-widget_type=\"text-editor.default\">\n\t\t\t\t\t\t\t\t\t<p>HE Qi<\/p>\t\t\t\t\t\t\t\t<\/div>\n\t\t\t\t<div class=\"elementor-element elementor-element-423ec5d elementor-widget elementor-widget-heading\" data-id=\"423ec5d\" data-element_type=\"widget\" data-e-type=\"widget\" data-widget_type=\"heading.default\">\n\t\t\t\t\t<h2 class=\"elementor-heading-title elementor-size-default\">Directeur adjoint de la publication<\/h2>\t\t\t\t<\/div>\n\t\t\t\t<div class=\"elementor-element elementor-element-496ebbc elementor-widget elementor-widget-text-editor\" data-id=\"496ebbc\" data-element_type=\"widget\" data-e-type=\"widget\" data-widget_type=\"text-editor.default\">\n\t\t\t\t\t\t\t\t\t<p>GONG Chen<\/p>\t\t\t\t\t\t\t\t<\/div>\n\t\t\t\t<div class=\"elementor-element elementor-element-d6b4c8d elementor-widget elementor-widget-heading\" data-id=\"d6b4c8d\" data-element_type=\"widget\" data-e-type=\"widget\" data-widget_type=\"heading.default\">\n\t\t\t\t\t<h2 class=\"elementor-heading-title elementor-size-default\">H\u00e9bergement<\/h2>\t\t\t\t<\/div>\n\t\t\t\t<div class=\"elementor-element elementor-element-2607601 elementor-widget elementor-widget-text-editor\" data-id=\"2607601\" data-element_type=\"widget\" data-e-type=\"widget\" data-widget_type=\"text-editor.default\">\n\t\t\t\t\t\t\t\t\t<p data-start=\"1558\" data-end=\"1760\">Ce site est h\u00e9berg\u00e9 en France sur les serveurs d&rsquo;<strong data-start=\"1623\" data-end=\"1656\">Amazon Web Services EMEA SARL<\/strong>,<br data-start=\"1657\" data-end=\"1660\">situ\u00e9 \u00e0 Eschborner Landstra\u00dfe 100, 60489 Frankfurt am Main, Allemagne,<br data-start=\"1731\" data-end=\"1734\">joignable au 844-902-4700.<\/p><p data-start=\"1762\" data-end=\"1842\">La gestion technique et le d\u00e9ploiement de l&rsquo;application sont assur\u00e9s par <strong data-start=\"1826\" data-end=\"1841\">GOFO FRANCE.<\/strong><\/p>\t\t\t\t\t\t\t\t<\/div>\n\t\t\t\t\t<\/div>\n\t\t\t\t<\/div>\n\t\t\t\t<\/div>\n\t\t","protected":false},"excerpt":{"rendered":"<p>Informations L\u00e9gales GOFO FRANCE Soci\u00e9t\u00e9 par actions simplifi\u00e9e au capital social de 3 000 000 euros,immatricul\u00e9e au Registre du commerce et des soci\u00e9t\u00e9s (RCS) de Pontoise sous le num\u00e9ro 978 559 839. Si\u00e8ge social 10 Rue Eug\u00e8ne Pottier95670 Marly-la-VilleFrance T\u00e9l\u00e9phone +33 9 70 70 90 65 Num\u00e9ro de TVA FR40978559839 Directeur de la publication HE [&hellip;]<\/p>\n","protected":false},"author":4,"featured_media":0,"parent":0,"menu_order":0,"comment_status":"closed","ping_status":"closed","template":"","meta":{"_acf_changed":false,"content-type":"","footnotes":""},"class_list":["post-16892","page","type-page","status-publish","hentry"],"acf":[],"_links":{"self":[{"href":"https:\/\/www.gofo.com\/fr\/wp-json\/wp\/v2\/pages\/16892","targetHints":{"allow":["GET"]}}],"collection":[{"href":"https:\/\/www.gofo.com\/fr\/wp-json\/wp\/v2\/pages"}],"about":[{"href":"https:\/\/www.gofo.com\/fr\/wp-json\/wp\/v2\/types\/page"}],"author":[{"embeddable":true,"href":"https:\/\/www.gofo.com\/fr\/wp-json\/wp\/v2\/users\/4"}],"replies":[{"embeddable":true,"href":"https:\/\/www.gofo.com\/fr\/wp-json\/wp\/v2\/comments?post=16892"}],"version-history":[{"count":0,"href":"https:\/\/www.gofo.com\/fr\/wp-json\/wp\/v2\/pages\/16892\/revisions"}],"wp:attachment":[{"href":"https:\/\/www.gofo.com\/fr\/wp-json\/wp\/v2\/media?parent=16892"}],"curies":[{"name":"wp","href":"https:\/\/api.w.org\/{rel}","templated":true}]}}