{"id":16886,"date":"2026-01-08T17:00:57","date_gmt":"2026-01-08T17:00:57","guid":{"rendered":"https:\/\/www.gofo.com\/fr\/?page_id=16886"},"modified":"2026-01-28T09:28:53","modified_gmt":"2026-01-28T09:28:53","slug":"company-information","status":"publish","type":"page","link":"https:\/\/www.gofo.com\/fr\/en\/company-information\/","title":{"rendered":"Company Information"},"content":{"rendered":"\t\t<div data-elementor-type=\"wp-page\" data-elementor-id=\"16886\" class=\"elementor elementor-16886\" data-elementor-post-type=\"page\">\n\t\t\t\t<div class=\"elementor-element elementor-element-a9aee93 e-flex e-con-boxed e-con e-parent\" data-id=\"a9aee93\" data-element_type=\"container\" data-e-type=\"container\">\n\t\t\t\t\t<div class=\"e-con-inner\">\n\t\t\t\t\t<\/div>\n\t\t\t\t<\/div>\n\t\t<div class=\"elementor-element elementor-element-2ccc696 e-flex e-con-boxed e-con e-parent\" data-id=\"2ccc696\" data-element_type=\"container\" data-e-type=\"container\">\n\t\t\t\t\t<div class=\"e-con-inner\">\n\t\t\t\t<div class=\"elementor-element elementor-element-d37ccf9 elementor-widget elementor-widget-heading\" data-id=\"d37ccf9\" data-element_type=\"widget\" data-e-type=\"widget\" data-widget_type=\"heading.default\">\n\t\t\t\t\t<h1 class=\"elementor-heading-title elementor-size-default\">Company information<\/h1>\t\t\t\t<\/div>\n\t\t\t\t<div class=\"elementor-element elementor-element-8519f71 elementor-widget elementor-widget-text-editor\" data-id=\"8519f71\" data-element_type=\"widget\" data-e-type=\"widget\" data-widget_type=\"text-editor.default\">\n\t\t\t\t\t\t\t\t\t<p><strong>GOFO FRANCE<\/strong> A simplified joint-stock company (Soci\u00e9t\u00e9 par Actions Simplifi\u00e9e) with a share capital of <strong data-start=\"1215\" data-end=\"1229\">\u20ac3,000,000<\/strong>,<br data-start=\"1230\" data-end=\"1233\" \/>registered with the Trade and Companies Register (RCS) of <strong data-start=\"1291\" data-end=\"1303\">Pontoise<\/strong> under number <strong data-start=\"1317\" data-end=\"1332\">978 559 839<\/strong>.<\/p>\t\t\t\t\t\t\t\t<\/div>\n\t\t\t\t<div class=\"elementor-element elementor-element-9690517 elementor-widget elementor-widget-heading\" data-id=\"9690517\" data-element_type=\"widget\" data-e-type=\"widget\" data-widget_type=\"heading.default\">\n\t\t\t\t\t<h2 class=\"elementor-heading-title elementor-size-default\">Registered Office<\/h2>\t\t\t\t<\/div>\n\t\t\t\t<div class=\"elementor-element elementor-element-11f0b9e elementor-widget elementor-widget-text-editor\" data-id=\"11f0b9e\" data-element_type=\"widget\" data-e-type=\"widget\" data-widget_type=\"text-editor.default\">\n\t\t\t\t\t\t\t\t\t<p>10 Rue Eug\u00e8ne Pottier<br data-start=\"1380\" data-end=\"1383\" \/>95670 Marly-la-Ville<br data-start=\"1403\" data-end=\"1406\" \/>France<\/p>\t\t\t\t\t\t\t\t<\/div>\n\t\t\t\t<div class=\"elementor-element elementor-element-db88335 elementor-widget elementor-widget-heading\" data-id=\"db88335\" data-element_type=\"widget\" data-e-type=\"widget\" data-widget_type=\"heading.default\">\n\t\t\t\t\t<h2 class=\"elementor-heading-title elementor-size-default\">Telephone<\/h2>\t\t\t\t<\/div>\n\t\t\t\t<div class=\"elementor-element elementor-element-610a07a elementor-widget elementor-widget-text-editor\" data-id=\"610a07a\" data-element_type=\"widget\" data-e-type=\"widget\" data-widget_type=\"text-editor.default\">\n\t\t\t\t\t\t\t\t\t<p>+33 9 70 70 90 65<\/p>\t\t\t\t\t\t\t\t<\/div>\n\t\t\t\t<div class=\"elementor-element elementor-element-38071f0 elementor-widget elementor-widget-heading\" data-id=\"38071f0\" data-element_type=\"widget\" data-e-type=\"widget\" data-widget_type=\"heading.default\">\n\t\t\t\t\t<h2 class=\"elementor-heading-title elementor-size-default\">VAT Number<\/h2>\t\t\t\t<\/div>\n\t\t\t\t<div class=\"elementor-element elementor-element-63b9695 elementor-widget elementor-widget-text-editor\" data-id=\"63b9695\" data-element_type=\"widget\" data-e-type=\"widget\" data-widget_type=\"text-editor.default\">\n\t\t\t\t\t\t\t\t\t<p>FR40978559839<\/p>\t\t\t\t\t\t\t\t<\/div>\n\t\t\t\t<div class=\"elementor-element elementor-element-29e17c9 elementor-widget elementor-widget-heading\" data-id=\"29e17c9\" data-element_type=\"widget\" data-e-type=\"widget\" data-widget_type=\"heading.default\">\n\t\t\t\t\t<h2 class=\"elementor-heading-title elementor-size-default\">Publishing Director<\/h2>\t\t\t\t<\/div>\n\t\t\t\t<div class=\"elementor-element elementor-element-4c7bb50 elementor-widget elementor-widget-text-editor\" data-id=\"4c7bb50\" data-element_type=\"widget\" data-e-type=\"widget\" data-widget_type=\"text-editor.default\">\n\t\t\t\t\t\t\t\t\t<p>HE Qi<\/p>\t\t\t\t\t\t\t\t<\/div>\n\t\t\t\t<div class=\"elementor-element elementor-element-423ec5d elementor-widget elementor-widget-heading\" data-id=\"423ec5d\" data-element_type=\"widget\" data-e-type=\"widget\" data-widget_type=\"heading.default\">\n\t\t\t\t\t<h2 class=\"elementor-heading-title elementor-size-default\">Deputy Publishing Director<\/h2>\t\t\t\t<\/div>\n\t\t\t\t<div class=\"elementor-element elementor-element-496ebbc elementor-widget elementor-widget-text-editor\" data-id=\"496ebbc\" data-element_type=\"widget\" data-e-type=\"widget\" data-widget_type=\"text-editor.default\">\n\t\t\t\t\t\t\t\t\t<p>GONG Chen<\/p>\t\t\t\t\t\t\t\t<\/div>\n\t\t\t\t<div class=\"elementor-element elementor-element-d6b4c8d elementor-widget elementor-widget-heading\" data-id=\"d6b4c8d\" data-element_type=\"widget\" data-e-type=\"widget\" data-widget_type=\"heading.default\">\n\t\t\t\t\t<h2 class=\"elementor-heading-title elementor-size-default\">Hosting<\/h2>\t\t\t\t<\/div>\n\t\t\t\t<div class=\"elementor-element elementor-element-2607601 elementor-widget elementor-widget-text-editor\" data-id=\"2607601\" data-element_type=\"widget\" data-e-type=\"widget\" data-widget_type=\"text-editor.default\">\n\t\t\t\t\t\t\t\t\t<p data-start=\"1558\" data-end=\"1760\">This website is hosted in France on the servers of <strong data-start=\"1623\" data-end=\"1656\">Amazon Web Services EMEA SARL<\/strong>,<br data-start=\"1657\" data-end=\"1660\" \/>located at Eschborner Landstra\u00dfe 100, 60489 Frankfurt am Main, Germany,<br data-start=\"1731\" data-end=\"1734\" \/>reachable at 844-902-4700.<\/p><p data-start=\"1762\" data-end=\"1842\">Technical management and application deployment are provided by <strong data-start=\"1826\" data-end=\"1841\">GOFO FRANCE<\/strong>.<\/p>\t\t\t\t\t\t\t\t<\/div>\n\t\t\t\t\t<\/div>\n\t\t\t\t<\/div>\n\t\t\t\t<\/div>\n\t\t","protected":false},"excerpt":{"rendered":"<p>Company information GOFO FRANCE A simplified joint-stock company (Soci\u00e9t\u00e9 par Actions Simplifi\u00e9e) with a share capital of \u20ac3,000,000,registered with the Trade and Companies Register (RCS) of Pontoise under number 978 559 839. Registered Office 10 Rue Eug\u00e8ne Pottier95670 Marly-la-VilleFrance Telephone +33 9 70 70 90 65 VAT Number FR40978559839 Publishing Director HE Qi Deputy Publishing [&hellip;]<\/p>\n","protected":false},"author":4,"featured_media":0,"parent":0,"menu_order":0,"comment_status":"closed","ping_status":"closed","template":"","meta":{"_acf_changed":false,"content-type":"","footnotes":""},"class_list":["post-16886","page","type-page","status-publish","hentry"],"acf":[],"_links":{"self":[{"href":"https:\/\/www.gofo.com\/fr\/en\/wp-json\/wp\/v2\/pages\/16886","targetHints":{"allow":["GET"]}}],"collection":[{"href":"https:\/\/www.gofo.com\/fr\/en\/wp-json\/wp\/v2\/pages"}],"about":[{"href":"https:\/\/www.gofo.com\/fr\/en\/wp-json\/wp\/v2\/types\/page"}],"author":[{"embeddable":true,"href":"https:\/\/www.gofo.com\/fr\/en\/wp-json\/wp\/v2\/users\/4"}],"replies":[{"embeddable":true,"href":"https:\/\/www.gofo.com\/fr\/en\/wp-json\/wp\/v2\/comments?post=16886"}],"version-history":[{"count":1,"href":"https:\/\/www.gofo.com\/fr\/en\/wp-json\/wp\/v2\/pages\/16886\/revisions"}],"predecessor-version":[{"id":20202,"href":"https:\/\/www.gofo.com\/fr\/en\/wp-json\/wp\/v2\/pages\/16886\/revisions\/20202"}],"wp:attachment":[{"href":"https:\/\/www.gofo.com\/fr\/en\/wp-json\/wp\/v2\/media?parent=16886"}],"curies":[{"name":"wp","href":"https:\/\/api.w.org\/{rel}","templated":true}]}}